{"id":9,"date":"2015-03-24T20:23:36","date_gmt":"2015-03-24T19:23:36","guid":{"rendered":"http:\/\/rvasi.me\/ceklin\/?page_id=9"},"modified":"2026-03-28T21:47:55","modified_gmt":"2026-03-28T20:47:55","slug":"o-selu-rvasi","status":"publish","type":"page","link":"https:\/\/rvasi.me\/ceklin\/","title":{"rendered":"O selu Rva\u0161i"},"content":{"rendered":"\n<figure class=\"wp-block-image alignleft size-full wp-image-181\"><img loading=\"lazy\" decoding=\"async\" width=\"480\" height=\"554\" src=\"http:\/\/rvasi.me\/ceklin\/wp-content\/uploads\/2015\/03\/Rvasi-na-karti-Crne-Gore.jpg\" alt=\"Rva\u0161i na karti Crne Gore\" class=\"wp-image-181\" srcset=\"https:\/\/rvasi.me\/ceklin\/wp-content\/uploads\/2015\/03\/Rvasi-na-karti-Crne-Gore.jpg 480w, https:\/\/rvasi.me\/ceklin\/wp-content\/uploads\/2015\/03\/Rvasi-na-karti-Crne-Gore-260x300.jpg 260w, https:\/\/rvasi.me\/ceklin\/wp-content\/uploads\/2015\/03\/Rvasi-na-karti-Crne-Gore-234x270.jpg 234w\" sizes=\"auto, (max-width: 480px) 100vw, 480px\" \/><figcaption class=\"wp-element-caption\">Rva\u0161i na karti Crne Gore<\/figcaption><\/figure>\n\n\n\n<p>Rva\u0161i su selo u op\u0161tini Cetinje u Crnoj Gori. Prema popisu iz 2011., selo je imalo 52 stalna stanovnika.<\/p>\n\n\n\n<p>Prema nekim zapisima, mo\u017ee se zaklju\u010diti da su Rva\u0161i veoma staro naselje, posebno dana\u0161nji zaseoci Pipac, Doljani i Galak. Prema navodima dr Pavla Radusinovi\u0107a, u turskim defterima navodi se da su Rva\u0161i 1521. godine imali 13 ku\u0107a. (Izvor: Dr Pavle S. Radusinovi\u0107, &#8220;Naselja Stare Crne Gore&#8221;, posebni dio, Srpska akademija nauka i umetnosti i Narodna knjiga, Beograd, 1985, str. 281). Cijeli tekst mo\u017eete pro\u010ditati <a href=\"https:\/\/rvasi.me\/ceklin\/istorija-sela-rvasi\/\" data-type=\"page\" data-id=\"526\">ovdje<\/a>.<\/p>\n\n\n\n<p>Gotovo vijek kasnije, Kotoranin Marijan Bolica, po naredbi mleta\u010dke vlade, proputovao je tada\u0161nji skadarski sand\u017eak, opisao ga i \u0161tampao u Mlecima 1614. godine. U taj opis u\u0161la je i Crna Gora, koju je Bolica podijelio na pet djelova: Katuni, Ljubotinj, Pje\u0161ivci, Cernica i Lje\u0161kopolje. U okviru Ljubotinja, on navodi selo Rva\u0161i, koje je tada imalo &#8220;18 domova i 40 vojnika&#8221;. Starje\u0161ina sela zvao se Jovo Rai\u010dev. (Izvor: Andrija Jovi\u0107evi\u0107 i Mihail Strugar, &#8220;Slike iz pro\u0161losti Ceklina, od naseljenja dana\u0161njijem stanovni\u0161tvom do ratne 1852. g.&#8221;, Zagreb, 1902, str. 66).<\/p>\n\n\n\n<p>U narednih 150 godina, starosjedela\u010dko stanovni\u0161tvo se raselilo, vjerovatno zbog \u010destih upada Turaka, a i pod pritiskom katunskog plemena Bjelice. Prema nekim izvorima, Ceklinjani su po\u010deli naseljavati Rva\u0161e izme\u0111u 1770. i 1790. godine.\u00ab&#8230;Prvo su naselje u\u010dinili Gazivode pri Bogdani\u0107u i Strugari pri Rva\u0161kom Polju. Za ovima su dodigli ovdje \u0160ofranci, Jovi\u0107evi\u0107i i Kosti\u0107i; ostali su se docnije doselili na imanja, koja su kupovali u pojedinih seljana&#8230;\u00bb. Godine 1865. Rva\u0161i su imali 85 domova, a 1925. bilo je 92 doma sa 483 stanovnika.<\/p>\n\n\n\n<p>Poslijeratno kretanje broja stanovnika u ovom selu je bilo ovakvo:<\/p>\n\n\n\n<figure class=\"wp-block-image aligncenter size-full wp-image-182\"><img loading=\"lazy\" decoding=\"async\" width=\"649\" height=\"374\" src=\"http:\/\/rvasi.me\/ceklin\/wp-content\/uploads\/2015\/03\/Rvasi_broj_stanovnika.jpg\" alt=\"Rva\u0161i, broj stanovnika na popisu\" class=\"wp-image-182\" srcset=\"https:\/\/rvasi.me\/ceklin\/wp-content\/uploads\/2015\/03\/Rvasi_broj_stanovnika.jpg 649w, https:\/\/rvasi.me\/ceklin\/wp-content\/uploads\/2015\/03\/Rvasi_broj_stanovnika-300x173.jpg 300w, https:\/\/rvasi.me\/ceklin\/wp-content\/uploads\/2015\/03\/Rvasi_broj_stanovnika-469x270.jpg 469w\" sizes=\"auto, (max-width: 649px) 100vw, 649px\" \/><figcaption class=\"wp-element-caption\">Rva\u0161i, broj stanovnika na popisu<\/figcaption><\/figure>\n\n\n\n<p>&nbsp;<\/p>\n\n\n\n<blockquote class=\"wp-block-quote is-layout-flow wp-block-quote-is-layout-flow\">\n<p><strong>Tekst koji ste upravo pro\u010ditali je najve\u0107im dijelom preuzet iz knjige &#8220;Zapisi&#8221;, autora prof. dr Branka Vladova Kosti\u0107a iz Rva\u0161a, IP &#8220;Va\u0161a knjiga&#8221;, Beograd i &#8220;Pegaz&#8221;, Bijelo Polje, 2005.<\/strong><\/p>\n<\/blockquote>\n","protected":false},"excerpt":{"rendered":"<p>Rva\u0161i su selo u op\u0161tini Cetinje u Crnoj Gori. Prema popisu iz 2011., selo je imalo 52 stalna stanovnika. Prema nekim zapisima, mo\u017ee se zaklju\u010diti da su Rva\u0161i veoma staro naselje, posebno dana\u0161nji zaseoci Pipac, Doljani i Galak. Prema navodima dr Pavla Radusinovi\u0107a, u turskim defterima navodi se da su Rva\u0161i 1521. godine imali 13 [&hellip;]<\/p>\n","protected":false},"author":1,"featured_media":0,"parent":0,"menu_order":0,"comment_status":"closed","ping_status":"closed","template":"","meta":{"footnotes":""},"class_list":["post-9","page","type-page","status-publish","hentry"],"_links":{"self":[{"href":"https:\/\/rvasi.me\/ceklin\/wp-json\/wp\/v2\/pages\/9","targetHints":{"allow":["GET"]}}],"collection":[{"href":"https:\/\/rvasi.me\/ceklin\/wp-json\/wp\/v2\/pages"}],"about":[{"href":"https:\/\/rvasi.me\/ceklin\/wp-json\/wp\/v2\/types\/page"}],"author":[{"embeddable":true,"href":"https:\/\/rvasi.me\/ceklin\/wp-json\/wp\/v2\/users\/1"}],"replies":[{"embeddable":true,"href":"https:\/\/rvasi.me\/ceklin\/wp-json\/wp\/v2\/comments?post=9"}],"version-history":[{"count":6,"href":"https:\/\/rvasi.me\/ceklin\/wp-json\/wp\/v2\/pages\/9\/revisions"}],"predecessor-version":[{"id":536,"href":"https:\/\/rvasi.me\/ceklin\/wp-json\/wp\/v2\/pages\/9\/revisions\/536"}],"wp:attachment":[{"href":"https:\/\/rvasi.me\/ceklin\/wp-json\/wp\/v2\/media?parent=9"}],"curies":[{"name":"wp","href":"https:\/\/api.w.org\/{rel}","templated":true}]}}