{"id":113,"date":"2015-04-05T12:19:40","date_gmt":"2015-04-05T11:19:40","guid":{"rendered":"http:\/\/rvasi.me\/ceklin\/?page_id=113"},"modified":"2015-04-06T11:32:01","modified_gmt":"2015-04-06T10:32:01","slug":"bratstva-u-rvasima","status":"publish","type":"page","link":"https:\/\/rvasi.me\/ceklin\/bratstva-u-rvasima\/","title":{"rendered":"Bratstva u Rva\u0161ima"},"content":{"rendered":"<p>Selo Rva\u0161i naseljavaju sljede\u0107a bratstva: \u0160ofranci, Strugari, Kosti\u0107i, Jankovi\u0107i, Jovi\u0107evi\u0107i, Gazivode, Jablani, Radunovi\u0107i i Klimovi\u0107i.<\/p>\n<p style=\"text-align: left; padding-left: 60px;\">Rodoslovi bratstava:<\/p>\n<p style=\"padding-left: 30px;\"><strong>Rodoslov i porodi\u010dno stablo bratstva Strugar od 1450. do 1983.<\/strong>, pripremio <strong>Bla\u017eo Andrijin Strugar<\/strong>, izdanje 1983. godine<\/p>\n<p>Rodoslov u .pdf formatu se mo\u017ee<a href=\"http:\/\/strugari.me\/izvori\/Blazo_A_%20Strugar-Strugari_bratstvo_u_Ceklinu_1450-1980.pdf\" target=\"_blank\"> preuzeti odavde<\/a> (~3 MB)<\/p>\n<p>Porodi\u010dno stablo u .pdf formatu se mo\u017ee<a href=\"http:\/\/strugari.me\/izvori\/Rodoslovno_stablo_bratstva_Strugar.pdf\" target=\"_blank\"> preuzeti odavde<\/a> (~1.6 MB)<\/p>\n<p>Web sajt: <a href=\"http:\/\/www.Strugari.me\" target=\"_blank\">www.Strugari.me<\/a><\/p>\n<p style=\"padding-left: 30px;\"><strong>Rodoslov bratstva Kosti\u0107 od oko 1490. do 2013.<\/strong>, pripremio <strong>Branko Vladov Kosti\u0107<\/strong>, izdanje 2014. godine<\/p>\n<p>Rodoslov u .pdf formatu se mo\u017ee<a href=\"http:\/\/www.rvasi.me\/Kostici\/Rodoslov\/Kostici-bratstvo_u_Ceklinu.pdf\" target=\"_blank\"> preuzeti odavde<\/a> (~6.4 MB)<\/p>\n<p>Pregled sadr\u017eaja rodoslova i kra\u0107i izvodi se mogu vidjeti na adresi <a href=\"http:\/\/www.rvasi.me\/Kostici\/\" target=\"_blank\">www.Rvasi.me\/Kostici<\/a><\/p>\n<p style=\"padding-left: 30px;\"><strong>Rodoslov i porodi\u010dno stablo bratstva Gazivoda<\/strong>, pripremio <strong>Mladen Dukin Gazivoda<\/strong>, izdanje 2013. godine<\/p>\n<p>Rodoslov u .pdf formatu se mo\u017ee<a href=\"http:\/\/www.rvasi.me\/izvori\/rodoslovi\/Rodoslov-bratstva-Gazivoda.pdf\" target=\"_blank\"> preuzeti odavde<\/a> (~3.2 MB)<\/p>\n<p>Porodi\u010dno stablo u .pdf formatu se mo\u017ee<a href=\"http:\/\/www.rvasi.me\/izvori\/rodoslovi\/Gazivode-porodicno-stablo.pdf\" target=\"_blank\"> preuzeti odavde<\/a> (~830 kB)<\/p>\n<p>&nbsp;<\/p>\n","protected":false},"excerpt":{"rendered":"<p>Selo Rva\u0161i naseljavaju sljede\u0107a bratstva: \u0160ofranci, Strugari, Kosti\u0107i, Jankovi\u0107i, Jovi\u0107evi\u0107i, Gazivode, Jablani, Radunovi\u0107i i Klimovi\u0107i. Rodoslovi bratstava: Rodoslov i porodi\u010dno stablo bratstva Strugar od 1450. do 1983., pripremio Bla\u017eo Andrijin Strugar, izdanje 1983. godine Rodoslov u .pdf formatu se mo\u017ee preuzeti odavde (~3 MB) Porodi\u010dno stablo u .pdf formatu se mo\u017ee preuzeti odavde (~1.6 MB) [&hellip;]<\/p>\n","protected":false},"author":1,"featured_media":0,"parent":0,"menu_order":0,"comment_status":"closed","ping_status":"closed","template":"page-template-full.php","meta":{"footnotes":""},"class_list":["post-113","page","type-page","status-publish","hentry"],"_links":{"self":[{"href":"https:\/\/rvasi.me\/ceklin\/wp-json\/wp\/v2\/pages\/113","targetHints":{"allow":["GET"]}}],"collection":[{"href":"https:\/\/rvasi.me\/ceklin\/wp-json\/wp\/v2\/pages"}],"about":[{"href":"https:\/\/rvasi.me\/ceklin\/wp-json\/wp\/v2\/types\/page"}],"author":[{"embeddable":true,"href":"https:\/\/rvasi.me\/ceklin\/wp-json\/wp\/v2\/users\/1"}],"replies":[{"embeddable":true,"href":"https:\/\/rvasi.me\/ceklin\/wp-json\/wp\/v2\/comments?post=113"}],"version-history":[{"count":2,"href":"https:\/\/rvasi.me\/ceklin\/wp-json\/wp\/v2\/pages\/113\/revisions"}],"predecessor-version":[{"id":144,"href":"https:\/\/rvasi.me\/ceklin\/wp-json\/wp\/v2\/pages\/113\/revisions\/144"}],"wp:attachment":[{"href":"https:\/\/rvasi.me\/ceklin\/wp-json\/wp\/v2\/media?parent=113"}],"curies":[{"name":"wp","href":"https:\/\/api.w.org\/{rel}","templated":true}]}}